{"id":7879,"date":"2024-06-06T14:46:26","date_gmt":"2024-06-06T11:46:26","guid":{"rendered":"https:\/\/visitoulu.fi\/?page_id=7879"},"modified":"2025-09-03T16:17:52","modified_gmt":"2025-09-03T13:17:52","slug":"tourism-statistics","status":"publish","type":"page","link":"https:\/\/visitoulufi-2025-10-14_10_27_17.test.cchosting.fi\/en\/tourism-statistics\/","title":{"rendered":"Stattila - Oulu tourism statistics"},"content":{"rendered":"<figure class=\"wp-block-pullquote has-text-align-center\"><blockquote><p>Stattila is intended for use by operators in the Oulu tourism industry. <br>It provides up-to-date status information on tourism in Oulu, such as registered nights spent, accommodation sales and air traffic. The aim is to improve decision-making in the tourism sector so that decisions can be based on up-to-date information. You can access the statistics completely free of charge and without logging in.<\/p><\/blockquote><\/figure>\n\n\n\n<div class=\"wp-block-buttons alignwide is-content-justification-center is-layout-flex wp-container-core-buttons-is-layout-16018d1d wp-block-buttons-is-layout-flex\">\n<div class=\"wp-block-button is-style-fill\"><a class=\"wp-block-button__link has-pink-background-color has-background has-medium-font-size has-custom-font-size wp-element-button\" href=\"https:\/\/bislenz.com\/insights\/p\/fa2c2bd8-b90d-4706-892f-ecd90f437dc0\" target=\"_blank\" rel=\"noreferrer noopener\"><strong>Stattila - Oulu tourism statistics &gt;&gt;<\/strong><\/a><\/div>\n\n\n\n<div class=\"wp-block-button is-style-fill\"><a class=\"wp-block-button__link has-pink-background-color has-background has-medium-font-size has-custom-font-size wp-element-button\" href=\"https:\/\/bislenz.com\/insights\/p\/a13e80d0-2447-4ed3-9717-145d60b3604a\" target=\"_blank\" rel=\"noreferrer noopener\"><strong>Summary of tourism &gt;&gt;<\/strong><\/a><\/div>\n\n\n\n<div class=\"wp-block-button is-style-fill\"><a class=\"wp-block-button__link has-pink-background-color has-background has-medium-font-size has-custom-font-size wp-element-button\" href=\"https:\/\/bislenz.com\/insights\/p\/c3ec9d16-367a-488b-bfee-241c2615e726\" target=\"_blank\" rel=\"noreferrer noopener\"><strong>Visit Oulu KPI indicators &gt;&gt;<\/strong><\/a><\/div>\n<\/div>","protected":false},"excerpt":{"rendered":"<p>Stattila on tarkoitettu Oulun matkailualan toimijoiden k\u00e4ytt\u00f6\u00f6n. Se tarjoaa ajantasaista tilannetietoa Oulun matkailusta, kuten rekister\u00f6idyist\u00e4 y\u00f6pymisist\u00e4, majoitusmyynnist\u00e4 ja lentoliikenteest\u00e4. Tavoitteena on parantaa matkailualan p\u00e4\u00e4t\u00f6ksentekoa, jotta p\u00e4\u00e4t\u00f6kset voi perustaa ajantasaiseen tietoon. P\u00e4\u00e4set tutkimaan tilastoja t\u00e4ysin maksutta ja ilman kirjautumista. [&#8230;]<\/p>\n<p><a class=\"btn btn-secondary understrap-read-more-link\" href=\"https:\/\/visitoulufi-2025-10-14_10_27_17.test.cchosting.fi\/en\/tourism-statistics\/\">Read More&#8230;<span class=\"screen-reader-text\"> from Stattila \u2013 Oulun matkailutilastot<\/span><\/a><\/p>","protected":false},"author":16,"featured_media":11848,"parent":0,"menu_order":0,"comment_status":"closed","ping_status":"closed","template":"","meta":{"_acf_changed":false,"content-type":"","footnotes":""},"coauthors":[170],"class_list":["post-7879","page","type-page","status-publish","has-post-thumbnail","hentry"],"acf":[],"yoast_head":"<!-- This site is optimized with the Yoast SEO plugin v26.0 - https:\/\/yoast.com\/wordpress\/plugins\/seo\/ -->\n<title>Stattila \u2013 Oulun matkailutilastot - Visit Oulu<\/title>\n<meta name=\"robots\" content=\"index, follow, max-snippet:-1, max-image-preview:large, max-video-preview:-1\" \/>\n<link rel=\"canonical\" href=\"https:\/\/visitoulufi-2025-10-14_10_27_17.test.cchosting.fi\/en\/tourism-statistics\/\" \/>\n<meta property=\"og:locale\" content=\"en_US\" \/>\n<meta property=\"og:type\" content=\"article\" \/>\n<meta property=\"og:title\" content=\"Stattila \u2013 Oulun matkailutilastot - Visit Oulu\" \/>\n<meta property=\"og:description\" content=\"Stattila on tarkoitettu Oulun matkailualan toimijoiden k\u00e4ytt\u00f6\u00f6n. Se tarjoaa ajantasaista tilannetietoa Oulun matkailusta, kuten rekister\u00f6idyist\u00e4 y\u00f6pymisist\u00e4, majoitusmyynnist\u00e4 ja lentoliikenteest\u00e4. Tavoitteena on parantaa matkailualan p\u00e4\u00e4t\u00f6ksentekoa, jotta p\u00e4\u00e4t\u00f6kset voi perustaa ajantasaiseen tietoon. P\u00e4\u00e4set tutkimaan tilastoja t\u00e4ysin maksutta ja ilman kirjautumista. [...]Read More... from Stattila \u2013 Oulun matkailutilastot\" \/>\n<meta property=\"og:url\" content=\"https:\/\/visitoulufi-2025-10-14_10_27_17.test.cchosting.fi\/en\/tourism-statistics\/\" \/>\n<meta property=\"og:site_name\" content=\"Visit Oulu\" \/>\n<meta property=\"article:modified_time\" content=\"2025-09-03T13:17:52+00:00\" \/>\n<meta property=\"og:image\" content=\"https:\/\/visitoulufi-2025-10-14_10_27_17.test.cchosting.fi\/wp-content\/uploads\/2022\/05\/DJI_09913-scaled.jpg\" \/>\n\t<meta property=\"og:image:width\" content=\"2560\" \/>\n\t<meta property=\"og:image:height\" content=\"1920\" \/>\n\t<meta property=\"og:image:type\" content=\"image\/jpeg\" \/>\n<meta name=\"twitter:card\" content=\"summary_large_image\" \/>\n<meta name=\"twitter:label1\" content=\"Est. reading time\" \/>\n\t<meta name=\"twitter:data1\" content=\"2 minutes\" \/>\n\t<meta name=\"twitter:label2\" content=\"Written by\" \/>\n\t<meta name=\"twitter:data2\" content=\"Martta Tervonen\" \/>\n<script type=\"application\/ld+json\" class=\"yoast-schema-graph\">{\"@context\":\"https:\/\/schema.org\",\"@graph\":[{\"@type\":\"WebPage\",\"@id\":\"https:\/\/visitoulufi-2025-10-14_10_27_17.test.cchosting.fi\/matkailutilastot\/\",\"url\":\"https:\/\/visitoulufi-2025-10-14_10_27_17.test.cchosting.fi\/matkailutilastot\/\",\"name\":\"Stattila \u2013 Oulun matkailutilastot - Visit Oulu\",\"isPartOf\":{\"@id\":\"https:\/\/visitoulufi-2025-10-14_10_27_17.test.cchosting.fi\/#website\"},\"primaryImageOfPage\":{\"@id\":\"https:\/\/visitoulufi-2025-10-14_10_27_17.test.cchosting.fi\/matkailutilastot\/#primaryimage\"},\"image\":{\"@id\":\"https:\/\/visitoulufi-2025-10-14_10_27_17.test.cchosting.fi\/matkailutilastot\/#primaryimage\"},\"thumbnailUrl\":\"https:\/\/visitoulufi-2025-10-14_10_27_17.test.cchosting.fi\/wp-content\/uploads\/2022\/05\/DJI_09913-scaled.jpg\",\"datePublished\":\"2024-06-06T11:46:26+00:00\",\"dateModified\":\"2025-09-03T13:17:52+00:00\",\"breadcrumb\":{\"@id\":\"https:\/\/visitoulufi-2025-10-14_10_27_17.test.cchosting.fi\/matkailutilastot\/#breadcrumb\"},\"inLanguage\":\"en-US\",\"potentialAction\":[{\"@type\":\"ReadAction\",\"target\":[\"https:\/\/visitoulufi-2025-10-14_10_27_17.test.cchosting.fi\/matkailutilastot\/\"]}]},{\"@type\":\"ImageObject\",\"inLanguage\":\"en-US\",\"@id\":\"https:\/\/visitoulufi-2025-10-14_10_27_17.test.cchosting.fi\/matkailutilastot\/#primaryimage\",\"url\":\"https:\/\/visitoulufi-2025-10-14_10_27_17.test.cchosting.fi\/wp-content\/uploads\/2022\/05\/DJI_09913-scaled.jpg\",\"contentUrl\":\"https:\/\/visitoulufi-2025-10-14_10_27_17.test.cchosting.fi\/wp-content\/uploads\/2022\/05\/DJI_09913-scaled.jpg\",\"width\":2560,\"height\":1920},{\"@type\":\"BreadcrumbList\",\"@id\":\"https:\/\/visitoulufi-2025-10-14_10_27_17.test.cchosting.fi\/matkailutilastot\/#breadcrumb\",\"itemListElement\":[{\"@type\":\"ListItem\",\"position\":1,\"name\":\"Etusivu\",\"item\":\"https:\/\/visitoulufi-2025-10-14_10_27_17.test.cchosting.fi\/\"},{\"@type\":\"ListItem\",\"position\":2,\"name\":\"Stattila \u2013 Oulun matkailutilastot\"}]},{\"@type\":\"WebSite\",\"@id\":\"https:\/\/visitoulufi-2025-10-14_10_27_17.test.cchosting.fi\/#website\",\"url\":\"https:\/\/visitoulufi-2025-10-14_10_27_17.test.cchosting.fi\/\",\"name\":\"Visit Oulu\",\"description\":\"\",\"potentialAction\":[{\"@type\":\"SearchAction\",\"target\":{\"@type\":\"EntryPoint\",\"urlTemplate\":\"https:\/\/visitoulufi-2025-10-14_10_27_17.test.cchosting.fi\/?s={search_term_string}\"},\"query-input\":{\"@type\":\"PropertyValueSpecification\",\"valueRequired\":true,\"valueName\":\"search_term_string\"}}],\"inLanguage\":\"en-US\"}]}<\/script>\n<!-- \/ Yoast SEO plugin. -->","yoast_head_json":{"title":"Stattila - Oulu tourism statistics - Visit Oulu","robots":{"index":"index","follow":"follow","max-snippet":"max-snippet:-1","max-image-preview":"max-image-preview:large","max-video-preview":"max-video-preview:-1"},"canonical":"https:\/\/visitoulufi-2025-10-14_10_27_17.test.cchosting.fi\/en\/tourism-statistics\/","og_locale":"en_US","og_type":"article","og_title":"Stattila \u2013 Oulun matkailutilastot - Visit Oulu","og_description":"Stattila on tarkoitettu Oulun matkailualan toimijoiden k\u00e4ytt\u00f6\u00f6n. Se tarjoaa ajantasaista tilannetietoa Oulun matkailusta, kuten rekister\u00f6idyist\u00e4 y\u00f6pymisist\u00e4, majoitusmyynnist\u00e4 ja lentoliikenteest\u00e4. Tavoitteena on parantaa matkailualan p\u00e4\u00e4t\u00f6ksentekoa, jotta p\u00e4\u00e4t\u00f6kset voi perustaa ajantasaiseen tietoon. P\u00e4\u00e4set tutkimaan tilastoja t\u00e4ysin maksutta ja ilman kirjautumista. [...]Read More... from Stattila \u2013 Oulun matkailutilastot","og_url":"https:\/\/visitoulufi-2025-10-14_10_27_17.test.cchosting.fi\/en\/tourism-statistics\/","og_site_name":"Visit Oulu","article_modified_time":"2025-09-03T13:17:52+00:00","og_image":[{"width":2560,"height":1920,"url":"https:\/\/visitoulufi-2025-10-14_10_27_17.test.cchosting.fi\/wp-content\/uploads\/2022\/05\/DJI_09913-scaled.jpg","type":"image\/jpeg"}],"twitter_card":"summary_large_image","twitter_misc":{"Est. reading time":"2 minutes","Written by":"Martta Tervonen"},"schema":{"@context":"https:\/\/schema.org","@graph":[{"@type":"WebPage","@id":"https:\/\/visitoulufi-2025-10-14_10_27_17.test.cchosting.fi\/matkailutilastot\/","url":"https:\/\/visitoulufi-2025-10-14_10_27_17.test.cchosting.fi\/matkailutilastot\/","name":"Stattila - Oulu tourism statistics - Visit Oulu","isPartOf":{"@id":"https:\/\/visitoulufi-2025-10-14_10_27_17.test.cchosting.fi\/#website"},"primaryImageOfPage":{"@id":"https:\/\/visitoulufi-2025-10-14_10_27_17.test.cchosting.fi\/matkailutilastot\/#primaryimage"},"image":{"@id":"https:\/\/visitoulufi-2025-10-14_10_27_17.test.cchosting.fi\/matkailutilastot\/#primaryimage"},"thumbnailUrl":"https:\/\/visitoulufi-2025-10-14_10_27_17.test.cchosting.fi\/wp-content\/uploads\/2022\/05\/DJI_09913-scaled.jpg","datePublished":"2024-06-06T11:46:26+00:00","dateModified":"2025-09-03T13:17:52+00:00","breadcrumb":{"@id":"https:\/\/visitoulufi-2025-10-14_10_27_17.test.cchosting.fi\/matkailutilastot\/#breadcrumb"},"inLanguage":"en-US","potentialAction":[{"@type":"ReadAction","target":["https:\/\/visitoulufi-2025-10-14_10_27_17.test.cchosting.fi\/matkailutilastot\/"]}]},{"@type":"ImageObject","inLanguage":"en-US","@id":"https:\/\/visitoulufi-2025-10-14_10_27_17.test.cchosting.fi\/matkailutilastot\/#primaryimage","url":"https:\/\/visitoulufi-2025-10-14_10_27_17.test.cchosting.fi\/wp-content\/uploads\/2022\/05\/DJI_09913-scaled.jpg","contentUrl":"https:\/\/visitoulufi-2025-10-14_10_27_17.test.cchosting.fi\/wp-content\/uploads\/2022\/05\/DJI_09913-scaled.jpg","width":2560,"height":1920},{"@type":"BreadcrumbList","@id":"https:\/\/visitoulufi-2025-10-14_10_27_17.test.cchosting.fi\/matkailutilastot\/#breadcrumb","itemListElement":[{"@type":"ListItem","position":1,"name":"Etusivu","item":"https:\/\/visitoulufi-2025-10-14_10_27_17.test.cchosting.fi\/"},{"@type":"ListItem","position":2,"name":"Stattila \u2013 Oulun matkailutilastot"}]},{"@type":"WebSite","@id":"https:\/\/visitoulufi-2025-10-14_10_27_17.test.cchosting.fi\/#website","url":"https:\/\/visitoulufi-2025-10-14_10_27_17.test.cchosting.fi\/","name":"Visit Oulu","description":"","potentialAction":[{"@type":"SearchAction","target":{"@type":"EntryPoint","urlTemplate":"https:\/\/visitoulufi-2025-10-14_10_27_17.test.cchosting.fi\/?s={search_term_string}"},"query-input":{"@type":"PropertyValueSpecification","valueRequired":true,"valueName":"search_term_string"}}],"inLanguage":"en-US"}]}},"_links":{"self":[{"href":"https:\/\/visitoulufi-2025-10-14_10_27_17.test.cchosting.fi\/en\/wp-json\/wp\/v2\/pages\/7879","targetHints":{"allow":["GET"]}}],"collection":[{"href":"https:\/\/visitoulufi-2025-10-14_10_27_17.test.cchosting.fi\/en\/wp-json\/wp\/v2\/pages"}],"about":[{"href":"https:\/\/visitoulufi-2025-10-14_10_27_17.test.cchosting.fi\/en\/wp-json\/wp\/v2\/types\/page"}],"author":[{"embeddable":true,"href":"https:\/\/visitoulufi-2025-10-14_10_27_17.test.cchosting.fi\/en\/wp-json\/wp\/v2\/users\/16"}],"replies":[{"embeddable":true,"href":"https:\/\/visitoulufi-2025-10-14_10_27_17.test.cchosting.fi\/en\/wp-json\/wp\/v2\/comments?post=7879"}],"version-history":[{"count":48,"href":"https:\/\/visitoulufi-2025-10-14_10_27_17.test.cchosting.fi\/en\/wp-json\/wp\/v2\/pages\/7879\/revisions"}],"predecessor-version":[{"id":12180,"href":"https:\/\/visitoulufi-2025-10-14_10_27_17.test.cchosting.fi\/en\/wp-json\/wp\/v2\/pages\/7879\/revisions\/12180"}],"wp:featuredmedia":[{"embeddable":true,"href":"https:\/\/visitoulufi-2025-10-14_10_27_17.test.cchosting.fi\/en\/wp-json\/wp\/v2\/media\/11848"}],"wp:attachment":[{"href":"https:\/\/visitoulufi-2025-10-14_10_27_17.test.cchosting.fi\/en\/wp-json\/wp\/v2\/media?parent=7879"}],"wp:term":[{"taxonomy":"author","embeddable":true,"href":"https:\/\/visitoulufi-2025-10-14_10_27_17.test.cchosting.fi\/en\/wp-json\/wp\/v2\/coauthors?post=7879"}],"curies":[{"name":"wp","href":"https:\/\/api.w.org\/{rel}","templated":true}]}}